{"id":378,"date":"2022-02-10T16:52:00","date_gmt":"2022-02-10T15:52:00","guid":{"rendered":"https:\/\/sergiovallejo.net\/?page_id=378"},"modified":"2022-04-21T13:28:16","modified_gmt":"2022-04-21T11:28:16","slug":"illustrations","status":"publish","type":"page","link":"https:\/\/sergiovallejo.net\/index.php\/illustrations\/","title":{"rendered":"Illustrations"},"content":{"rendered":"\n<div class=\"wp-block-media-text is-stacked-on-mobile has-white-background-color has-background\"><figure class=\"wp-block-media-text__media\"><img decoding=\"async\" loading=\"lazy\" width=\"500\" height=\"353\" src=\"https:\/\/sergiovallejo.net\/wp-content\/uploads\/2022\/04\/sanisphere-equipe-chine-dessin-et-texte-signe.jpg\" alt=\"\" class=\"wp-image-654 size-full\" srcset=\"https:\/\/sergiovallejo.net\/wp-content\/uploads\/2022\/04\/sanisphere-equipe-chine-dessin-et-texte-signe.jpg 500w, https:\/\/sergiovallejo.net\/wp-content\/uploads\/2022\/04\/sanisphere-equipe-chine-dessin-et-texte-signe-300x212.jpg 300w\" sizes=\"(max-width: 500px) 100vw, 500px\" \/><\/figure><div class=\"wp-block-media-text__content\">\n<h2 class=\"wp-block-heading\">Affiche pour SANISPHERE<\/h2>\n\n\n\n<p class=\"has-text-align-left\">La direction de SANISPHERE (les toilettes publiques \u00e9co-responsables) m&rsquo;a command\u00e9 cette affiche lors d&rsquo;une rencontre entre les \u00e9quipes fran\u00e7aises et chinoises. <\/p>\n<\/div><\/div>\n\n\n\n<div class=\"wp-block-media-text has-media-on-the-right is-stacked-on-mobile has-white-background-color has-background\" style=\"grid-template-columns:auto 51%\"><figure class=\"wp-block-media-text__media\"><img decoding=\"async\" loading=\"lazy\" width=\"512\" height=\"362\" src=\"https:\/\/sergiovallejo.net\/wp-content\/uploads\/2022\/04\/20220125-Orka-Olaf_color_web.jpg\" alt=\"\" class=\"wp-image-575 size-full\" srcset=\"https:\/\/sergiovallejo.net\/wp-content\/uploads\/2022\/04\/20220125-Orka-Olaf_color_web.jpg 512w, https:\/\/sergiovallejo.net\/wp-content\/uploads\/2022\/04\/20220125-Orka-Olaf_color_web-300x212.jpg 300w\" sizes=\"(max-width: 512px) 100vw, 512px\" \/><\/figure><div class=\"wp-block-media-text__content\">\n<h2 class=\"wp-block-heading\">Illustration pour l&rsquo;\u00e9levage les Belles Truffes (Canaules et Argenti\u00e8res)<\/h2>\n<\/div><\/div>\n\n\n\n<div class=\"wp-block-media-text is-stacked-on-mobile has-white-background-color has-background\" style=\"grid-template-columns:49% auto\"><figure class=\"wp-block-media-text__media\"><img decoding=\"async\" loading=\"lazy\" width=\"512\" height=\"362\" src=\"https:\/\/sergiovallejo.net\/wp-content\/uploads\/2022\/04\/Nash-Never-tandem-velo-chiots-final.png\" alt=\"\" class=\"wp-image-586 size-full\" srcset=\"https:\/\/sergiovallejo.net\/wp-content\/uploads\/2022\/04\/Nash-Never-tandem-velo-chiots-final.png 512w, https:\/\/sergiovallejo.net\/wp-content\/uploads\/2022\/04\/Nash-Never-tandem-velo-chiots-final-300x212.png 300w\" sizes=\"(max-width: 512px) 100vw, 512px\" \/><\/figure><div class=\"wp-block-media-text__content\">\n<h2 class=\"wp-block-heading\">Illustration pour l&rsquo;\u00e9levage les Belles Truffes (Canaules et Argenti\u00e8res)<\/h2>\n<\/div><\/div>\n\n\n\n<div class=\"wp-block-media-text has-media-on-the-right is-stacked-on-mobile has-white-background-color has-background\" style=\"grid-template-columns:auto 51%\"><figure class=\"wp-block-media-text__media\"><img decoding=\"async\" loading=\"lazy\" width=\"500\" height=\"353\" src=\"https:\/\/sergiovallejo.net\/wp-content\/uploads\/2022\/04\/carte_voeux_2021-1.png\" alt=\"\" class=\"wp-image-578 size-full\" srcset=\"https:\/\/sergiovallejo.net\/wp-content\/uploads\/2022\/04\/carte_voeux_2021-1.png 500w, https:\/\/sergiovallejo.net\/wp-content\/uploads\/2022\/04\/carte_voeux_2021-1-300x212.png 300w\" sizes=\"(max-width: 500px) 100vw, 500px\" \/><\/figure><div class=\"wp-block-media-text__content\">\n<h2 class=\"wp-block-heading\">Illustration pour carte de voeux<\/h2>\n<\/div><\/div>\n\n\n\n<div class=\"wp-block-media-text is-stacked-on-mobile has-white-background-color has-background\" style=\"grid-template-columns:49% auto\"><figure class=\"wp-block-media-text__media\"><img decoding=\"async\" loading=\"lazy\" width=\"512\" height=\"362\" src=\"https:\/\/sergiovallejo.net\/wp-content\/uploads\/2022\/04\/ChrisArt_carte_visite_recto.png\" alt=\"\" class=\"wp-image-579 size-full\" srcset=\"https:\/\/sergiovallejo.net\/wp-content\/uploads\/2022\/04\/ChrisArt_carte_visite_recto.png 512w, https:\/\/sergiovallejo.net\/wp-content\/uploads\/2022\/04\/ChrisArt_carte_visite_recto-300x212.png 300w\" sizes=\"(max-width: 512px) 100vw, 512px\" \/><\/figure><div class=\"wp-block-media-text__content\">\n<h2 class=\"wp-block-heading\">Illustration pour carte de visite (Le Vigan)<\/h2>\n<\/div><\/div>\n\n\n\n<div class=\"wp-block-media-text has-media-on-the-right is-stacked-on-mobile has-white-background-color has-background\" style=\"grid-template-columns:auto 39%\"><figure class=\"wp-block-media-text__media\"><img decoding=\"async\" loading=\"lazy\" width=\"512\" height=\"724\" src=\"https:\/\/sergiovallejo.net\/wp-content\/uploads\/2022\/04\/Cleita-anniversaire-20210820_color.png\" alt=\"\" class=\"wp-image-580 size-full\" srcset=\"https:\/\/sergiovallejo.net\/wp-content\/uploads\/2022\/04\/Cleita-anniversaire-20210820_color.png 512w, https:\/\/sergiovallejo.net\/wp-content\/uploads\/2022\/04\/Cleita-anniversaire-20210820_color-212x300.png 212w\" sizes=\"(max-width: 512px) 100vw, 512px\" \/><\/figure><div class=\"wp-block-media-text__content\">\n<h2 class=\"wp-block-heading\">Illustration pour une affiche d&rsquo;anniversaire<\/h2>\n<\/div><\/div>\n\n\n\n<div class=\"wp-block-media-text is-stacked-on-mobile has-white-background-color has-background\" style=\"grid-template-columns:40% auto\"><figure class=\"wp-block-media-text__media\"><img decoding=\"async\" loading=\"lazy\" width=\"512\" height=\"724\" src=\"https:\/\/sergiovallejo.net\/wp-content\/uploads\/2022\/04\/JardinDAlex_Affiche03_PreparerSaSalade.jpg\" alt=\"\" class=\"wp-image-581 size-full\" srcset=\"https:\/\/sergiovallejo.net\/wp-content\/uploads\/2022\/04\/JardinDAlex_Affiche03_PreparerSaSalade.jpg 512w, https:\/\/sergiovallejo.net\/wp-content\/uploads\/2022\/04\/JardinDAlex_Affiche03_PreparerSaSalade-212x300.jpg 212w\" sizes=\"(max-width: 512px) 100vw, 512px\" \/><\/figure><div class=\"wp-block-media-text__content\">\n<h2 class=\"wp-block-heading\">Illustration pour pr\u00e9senter le menu du restaurant Le Jardin d&rsquo;Alex (Saint Ambroix)<\/h2>\n<\/div><\/div>\n\n\n\n<div class=\"wp-block-media-text has-media-on-the-right is-stacked-on-mobile has-white-background-color has-background\" style=\"grid-template-columns:auto 40%\"><figure class=\"wp-block-media-text__media\"><img decoding=\"async\" loading=\"lazy\" width=\"512\" height=\"724\" src=\"https:\/\/sergiovallejo.net\/wp-content\/uploads\/2022\/04\/JardinDAlex_Affiche04_ChacunSonMenu.jpg\" alt=\"\" class=\"wp-image-584 size-full\" srcset=\"https:\/\/sergiovallejo.net\/wp-content\/uploads\/2022\/04\/JardinDAlex_Affiche04_ChacunSonMenu.jpg 512w, https:\/\/sergiovallejo.net\/wp-content\/uploads\/2022\/04\/JardinDAlex_Affiche04_ChacunSonMenu-212x300.jpg 212w\" sizes=\"(max-width: 512px) 100vw, 512px\" \/><\/figure><div class=\"wp-block-media-text__content\">\n<h2 class=\"wp-block-heading\">Illustration pour pr\u00e9senter le menu du restaurant Le Jardin d&rsquo;Alex (SaintAmbroix)<\/h2>\n<\/div><\/div>\n\n\n\n<div class=\"wp-block-media-text is-stacked-on-mobile has-white-background-color has-background\" style=\"grid-template-columns:40% auto\"><figure class=\"wp-block-media-text__media\"><img decoding=\"async\" loading=\"lazy\" width=\"512\" height=\"724\" src=\"https:\/\/sergiovallejo.net\/wp-content\/uploads\/2022\/04\/JardinDAlex_Affiche05_Boissons.jpg\" alt=\"\" class=\"wp-image-585 size-full\" srcset=\"https:\/\/sergiovallejo.net\/wp-content\/uploads\/2022\/04\/JardinDAlex_Affiche05_Boissons.jpg 512w, https:\/\/sergiovallejo.net\/wp-content\/uploads\/2022\/04\/JardinDAlex_Affiche05_Boissons-212x300.jpg 212w\" sizes=\"(max-width: 512px) 100vw, 512px\" \/><\/figure><div class=\"wp-block-media-text__content\">\n<h2 class=\"wp-block-heading\">Illustration pour pr\u00e9senter le menu du restaurant Le Jardin d&rsquo;Alex (Saint Ambroix)<\/h2>\n<\/div><\/div>\n\n\n\n<div class=\"wp-block-media-text has-media-on-the-right is-stacked-on-mobile has-white-background-color has-background\" style=\"grid-template-columns:auto 40%\"><figure class=\"wp-block-media-text__media\"><img decoding=\"async\" loading=\"lazy\" width=\"512\" height=\"724\" src=\"https:\/\/sergiovallejo.net\/wp-content\/uploads\/2022\/04\/SI_ANTIVIRUS_final-1.png\" alt=\"\" class=\"wp-image-588 size-full\" srcset=\"https:\/\/sergiovallejo.net\/wp-content\/uploads\/2022\/04\/SI_ANTIVIRUS_final-1.png 512w, https:\/\/sergiovallejo.net\/wp-content\/uploads\/2022\/04\/SI_ANTIVIRUS_final-1-212x300.png 212w\" sizes=\"(max-width: 512px) 100vw, 512px\" \/><\/figure><div class=\"wp-block-media-text__content\">\n<h2 class=\"wp-block-heading\">Illustration pour SICMA Informatique (Le Vigan)<\/h2>\n<\/div><\/div>\n\n\n\n<div class=\"wp-block-media-text is-stacked-on-mobile has-white-background-color has-background\" style=\"grid-template-columns:41% auto\"><figure class=\"wp-block-media-text__media\"><img decoding=\"async\" loading=\"lazy\" width=\"512\" height=\"724\" src=\"https:\/\/sergiovallejo.net\/wp-content\/uploads\/2022\/04\/AffichePublicitaireNoel-1.jpg\" alt=\"\" class=\"wp-image-656 size-full\" srcset=\"https:\/\/sergiovallejo.net\/wp-content\/uploads\/2022\/04\/AffichePublicitaireNoel-1.jpg 512w, https:\/\/sergiovallejo.net\/wp-content\/uploads\/2022\/04\/AffichePublicitaireNoel-1-212x300.jpg 212w\" sizes=\"(max-width: 512px) 100vw, 512px\" \/><\/figure><div class=\"wp-block-media-text__content\">\n<h2 class=\"wp-block-heading\">Affiche publicitaire pour Intermarch\u00e9 (No\u00ebl 2020)<\/h2>\n\n\n\n<p><\/p>\n<\/div><\/div>\n\n\n\n<div class=\"wp-block-media-text has-media-on-the-right is-stacked-on-mobile has-white-background-color has-background\" style=\"grid-template-columns:auto 40%\"><figure class=\"wp-block-media-text__media\"><img decoding=\"async\" loading=\"lazy\" width=\"512\" height=\"724\" src=\"https:\/\/sergiovallejo.net\/wp-content\/uploads\/2022\/04\/AffichePublicitaireNoel02.jpg\" alt=\"\" class=\"wp-image-661 size-full\" srcset=\"https:\/\/sergiovallejo.net\/wp-content\/uploads\/2022\/04\/AffichePublicitaireNoel02.jpg 512w, https:\/\/sergiovallejo.net\/wp-content\/uploads\/2022\/04\/AffichePublicitaireNoel02-212x300.jpg 212w\" sizes=\"(max-width: 512px) 100vw, 512px\" \/><\/figure><div class=\"wp-block-media-text__content\">\n<h2 class=\"wp-block-heading\">Affiche publicitaire pour Intermarch\u00e9 (No\u00ebl 2020)<\/h2>\n\n\n\n<p><\/p>\n<\/div><\/div>\n","protected":false},"excerpt":{"rendered":"<p>Affiche pour SANISPHERE La direction de SANISPHERE (les toilettes publiques \u00e9co-responsables) m&rsquo;a command\u00e9 cette affiche lors d&rsquo;une rencontre entre les \u00e9quipes fran\u00e7aises et chinoises. Illustration pour l&rsquo;\u00e9levage les Belles Truffes (Canaules et Argenti\u00e8res) Illustration pour l&rsquo;\u00e9levage les Belles Truffes (Canaules et Argenti\u00e8res) Illustration pour carte de voeux Illustration pour carte de visite (Le Vigan) Illustration &hellip;<\/p>\n<p class=\"read-more\"> <a class=\"\" href=\"https:\/\/sergiovallejo.net\/index.php\/illustrations\/\"> <span class=\"screen-reader-text\">Illustrations<\/span> Lire la suite\u00a0\u00bb<\/a><\/p>\n","protected":false},"author":1,"featured_media":0,"parent":0,"menu_order":2,"comment_status":"closed","ping_status":"closed","template":"","meta":{"site-sidebar-layout":"default","site-content-layout":"default","ast-site-content-layout":"","site-content-style":"default","site-sidebar-style":"default","ast-global-header-display":"","ast-banner-title-visibility":"","ast-main-header-display":"","ast-hfb-above-header-display":"","ast-hfb-below-header-display":"","ast-hfb-mobile-header-display":"","site-post-title":"","ast-breadcrumbs-content":"","ast-featured-img":"","footer-sml-layout":"","theme-transparent-header-meta":"default","adv-header-id-meta":"","stick-header-meta":"","header-above-stick-meta":"","header-main-stick-meta":"","header-below-stick-meta":"","astra-migrate-meta-layouts":"","footnotes":""},"_links":{"self":[{"href":"https:\/\/sergiovallejo.net\/index.php\/wp-json\/wp\/v2\/pages\/378"}],"collection":[{"href":"https:\/\/sergiovallejo.net\/index.php\/wp-json\/wp\/v2\/pages"}],"about":[{"href":"https:\/\/sergiovallejo.net\/index.php\/wp-json\/wp\/v2\/types\/page"}],"author":[{"embeddable":true,"href":"https:\/\/sergiovallejo.net\/index.php\/wp-json\/wp\/v2\/users\/1"}],"replies":[{"embeddable":true,"href":"https:\/\/sergiovallejo.net\/index.php\/wp-json\/wp\/v2\/comments?post=378"}],"version-history":[{"count":19,"href":"https:\/\/sergiovallejo.net\/index.php\/wp-json\/wp\/v2\/pages\/378\/revisions"}],"predecessor-version":[{"id":791,"href":"https:\/\/sergiovallejo.net\/index.php\/wp-json\/wp\/v2\/pages\/378\/revisions\/791"}],"wp:attachment":[{"href":"https:\/\/sergiovallejo.net\/index.php\/wp-json\/wp\/v2\/media?parent=378"}],"curies":[{"name":"wp","href":"https:\/\/api.w.org\/{rel}","templated":true}]}}