{"id":382,"date":"2022-02-10T16:53:03","date_gmt":"2022-02-10T15:53:03","guid":{"rendered":"https:\/\/sergiovallejo.net\/?page_id=382"},"modified":"2022-04-21T13:43:16","modified_gmt":"2022-04-21T11:43:16","slug":"accompagnement-par-le-dessin","status":"publish","type":"page","link":"https:\/\/sergiovallejo.net\/index.php\/accompagnement-par-le-dessin\/","title":{"rendered":"Synth\u00e8ses graphiques"},"content":{"rendered":"\n<p class=\"has-white-background-color has-background\">La technique graphique la plus utilis\u00e9 est le texte. Sans nous rendre compte, nous utilisons des graphismes pour exprimer nos id\u00e9es. Mais il existent plusieurs autres techniques de visualisation : les couleurs, les personnages, les bulles, les fl\u00e8ches, les panneaux, etc. Une repr\u00e9sentation graphique agr\u00e9able permet de visualiser et d&rsquo;organiser des id\u00e9es et concepts. Les synth\u00e8ses graphiques peuvent se faire pendant un \u00e9v\u00e9nement (colloque, conf\u00e9rence, s\u00e9minaire), mais aussi avant ou apr\u00e8s celui-ci \u00e0 partir de documents.  <\/p>\n\n\n\n<div class=\"wp-block-media-text is-stacked-on-mobile has-white-background-color has-background\"><figure class=\"wp-block-media-text__media\"><img decoding=\"async\" loading=\"lazy\" width=\"512\" height=\"362\" src=\"https:\/\/sergiovallejo.net\/wp-content\/uploads\/2022\/04\/SyntheseChristine-Organisation-1024x724-1.png\" alt=\"\" class=\"wp-image-699 size-full\" srcset=\"https:\/\/sergiovallejo.net\/wp-content\/uploads\/2022\/04\/SyntheseChristine-Organisation-1024x724-1.png 512w, https:\/\/sergiovallejo.net\/wp-content\/uploads\/2022\/04\/SyntheseChristine-Organisation-1024x724-1-300x212.png 300w\" sizes=\"(max-width: 512px) 100vw, 512px\" \/><\/figure><div class=\"wp-block-media-text__content\">\n<p class=\"has-text-align-left has-medium-font-size\">Synth\u00e8se graphique r\u00e9alis\u00e9e \u00e0 partir de documents \u00e9crits. Elle est utilis\u00e9e pour favoriser les \u00e9changes entre \u00e9quipes de structures en cours d&rsquo;une fusion par exemple.<\/p>\n<\/div><\/div>\n\n\n\n<div class=\"wp-block-media-text has-media-on-the-right is-stacked-on-mobile has-white-background-color has-background\"><figure class=\"wp-block-media-text__media\"><img decoding=\"async\" loading=\"lazy\" width=\"512\" height=\"362\" src=\"https:\/\/sergiovallejo.net\/wp-content\/uploads\/2022\/04\/Christine_ParcoursProjet_encrage_et_coloriage_textecomplet_A2-1024x724-1.png\" alt=\"\" class=\"wp-image-702 size-full\" srcset=\"https:\/\/sergiovallejo.net\/wp-content\/uploads\/2022\/04\/Christine_ParcoursProjet_encrage_et_coloriage_textecomplet_A2-1024x724-1.png 512w, https:\/\/sergiovallejo.net\/wp-content\/uploads\/2022\/04\/Christine_ParcoursProjet_encrage_et_coloriage_textecomplet_A2-1024x724-1-300x212.png 300w\" sizes=\"(max-width: 512px) 100vw, 512px\" \/><\/figure><div class=\"wp-block-media-text__content\">\n<p class=\"has-text-align-left has-medium-font-size\">Support graphique pour pr\u00e9senter un projet, pendant une s\u00e9ance de formation de directeurs, dont l&rsquo;objectif est l&rsquo;accompagnement des initiatives.<\/p>\n<\/div><\/div>\n\n\n\n<div class=\"wp-block-media-text is-stacked-on-mobile has-white-background-color has-background\"><figure class=\"wp-block-media-text__media\"><img decoding=\"async\" loading=\"lazy\" width=\"1000\" height=\"707\" src=\"https:\/\/sergiovallejo.net\/wp-content\/uploads\/2022\/04\/ColloqueDRH-25mars_06_TableRonde.png\" alt=\"\" class=\"wp-image-793 size-full\" srcset=\"https:\/\/sergiovallejo.net\/wp-content\/uploads\/2022\/04\/ColloqueDRH-25mars_06_TableRonde.png 1000w, https:\/\/sergiovallejo.net\/wp-content\/uploads\/2022\/04\/ColloqueDRH-25mars_06_TableRonde-300x212.png 300w, https:\/\/sergiovallejo.net\/wp-content\/uploads\/2022\/04\/ColloqueDRH-25mars_06_TableRonde-768x543.png 768w\" sizes=\"(max-width: 1000px) 100vw, 1000px\" \/><\/figure><div class=\"wp-block-media-text__content\">\n<p class=\"has-text-align-left has-medium-font-size\">Synth\u00e8se graphique r\u00e9alis\u00e9e pour les organisateurs du colloque : Digitalisation et lien social : un oxymore pour la fonction RH ? Universit\u00e9 Paul-Val\u00e9ry, Montpellier. Avril 2022<\/p>\n<\/div><\/div>\n\n\n\n<div class=\"wp-block-media-text has-media-on-the-right is-stacked-on-mobile has-white-background-color has-background\"><figure class=\"wp-block-media-text__media\"><img decoding=\"async\" loading=\"lazy\" width=\"1000\" height=\"707\" src=\"https:\/\/sergiovallejo.net\/wp-content\/uploads\/2022\/04\/MAIS-JNF2015-MiguelBenasayag-LeDouxLeurreDuPlaisir.png\" alt=\"\" class=\"wp-image-795 size-full\" srcset=\"https:\/\/sergiovallejo.net\/wp-content\/uploads\/2022\/04\/MAIS-JNF2015-MiguelBenasayag-LeDouxLeurreDuPlaisir.png 1000w, https:\/\/sergiovallejo.net\/wp-content\/uploads\/2022\/04\/MAIS-JNF2015-MiguelBenasayag-LeDouxLeurreDuPlaisir-300x212.png 300w, https:\/\/sergiovallejo.net\/wp-content\/uploads\/2022\/04\/MAIS-JNF2015-MiguelBenasayag-LeDouxLeurreDuPlaisir-768x543.png 768w\" sizes=\"(max-width: 1000px) 100vw, 1000px\" \/><\/figure><div class=\"wp-block-media-text__content\">\n<p class=\"has-text-align-left has-medium-font-size\"><a href=\"https:\/\/www.youtube.com\/watch?v=lKgeanDgHho\" target=\"_blank\" rel=\"noreferrer noopener\">Le Doux Leurre du Plaisir<\/a> (Miguel BENASAYAG) &#8211; 2015. Pour l&rsquo;association M.A.I.S.<\/p>\n<\/div><\/div>\n","protected":false},"excerpt":{"rendered":"<p>La technique graphique la plus utilis\u00e9 est le texte. Sans nous rendre compte, nous utilisons des graphismes pour exprimer nos id\u00e9es. Mais il existent plusieurs autres techniques de visualisation : les couleurs, les personnages, les bulles, les fl\u00e8ches, les panneaux, etc. Une repr\u00e9sentation graphique agr\u00e9able permet de visualiser et d&rsquo;organiser des id\u00e9es et concepts. Les &hellip;<\/p>\n<p class=\"read-more\"> <a class=\"\" href=\"https:\/\/sergiovallejo.net\/index.php\/accompagnement-par-le-dessin\/\"> <span class=\"screen-reader-text\">Synth\u00e8ses graphiques<\/span> Lire la suite\u00a0\u00bb<\/a><\/p>\n","protected":false},"author":1,"featured_media":0,"parent":0,"menu_order":4,"comment_status":"closed","ping_status":"closed","template":"","meta":{"site-sidebar-layout":"default","site-content-layout":"default","ast-site-content-layout":"","site-content-style":"default","site-sidebar-style":"default","ast-global-header-display":"","ast-banner-title-visibility":"","ast-main-header-display":"","ast-hfb-above-header-display":"","ast-hfb-below-header-display":"","ast-hfb-mobile-header-display":"","site-post-title":"","ast-breadcrumbs-content":"","ast-featured-img":"","footer-sml-layout":"","theme-transparent-header-meta":"default","adv-header-id-meta":"","stick-header-meta":"","header-above-stick-meta":"","header-main-stick-meta":"","header-below-stick-meta":"","astra-migrate-meta-layouts":"","footnotes":""},"_links":{"self":[{"href":"https:\/\/sergiovallejo.net\/index.php\/wp-json\/wp\/v2\/pages\/382"}],"collection":[{"href":"https:\/\/sergiovallejo.net\/index.php\/wp-json\/wp\/v2\/pages"}],"about":[{"href":"https:\/\/sergiovallejo.net\/index.php\/wp-json\/wp\/v2\/types\/page"}],"author":[{"embeddable":true,"href":"https:\/\/sergiovallejo.net\/index.php\/wp-json\/wp\/v2\/users\/1"}],"replies":[{"embeddable":true,"href":"https:\/\/sergiovallejo.net\/index.php\/wp-json\/wp\/v2\/comments?post=382"}],"version-history":[{"count":15,"href":"https:\/\/sergiovallejo.net\/index.php\/wp-json\/wp\/v2\/pages\/382\/revisions"}],"predecessor-version":[{"id":797,"href":"https:\/\/sergiovallejo.net\/index.php\/wp-json\/wp\/v2\/pages\/382\/revisions\/797"}],"wp:attachment":[{"href":"https:\/\/sergiovallejo.net\/index.php\/wp-json\/wp\/v2\/media?parent=382"}],"curies":[{"name":"wp","href":"https:\/\/api.w.org\/{rel}","templated":true}]}}