{"id":778,"date":"2022-04-21T13:03:24","date_gmt":"2022-04-21T11:03:24","guid":{"rendered":"https:\/\/sergiovallejo.net\/?page_id=778"},"modified":"2022-04-21T13:08:07","modified_gmt":"2022-04-21T11:08:07","slug":"caricatures","status":"publish","type":"page","link":"https:\/\/sergiovallejo.net\/index.php\/caricatures\/","title":{"rendered":"Caricatures"},"content":{"rendered":"\n<p class=\"has-white-background-color has-background\">Caricature et dessin humoristique pour animer des : s\u00e9minaires, colloques, mariages, anniversaires, soir\u00e9es d&rsquo;entreprise ou autres \u00e9v\u00e9nements. Caricature d&rsquo;apr\u00e8s photos \/ caricature pour offrir \/ dessin humoristique \/ affiche humoristique. Je vous invite \u00e0 visiter ma page web consacr\u00e9e \u00e0 la caricature : <a href=\"https:\/\/www.la-caricature.com\" target=\"_blank\" rel=\"noreferrer noopener\">https:\/\/www.la-caricature.com<\/a><\/p>\n\n\n\n<div class=\"wp-block-image\"><figure class=\"aligncenter size-large\"><a href=\"https:\/\/www.la-caricature.com\" target=\"_blank\" rel=\"noopener\"><img decoding=\"async\" loading=\"lazy\" width=\"724\" height=\"1024\" src=\"https:\/\/sergiovallejo.net\/wp-content\/uploads\/2022\/04\/La-Caricature-panneau-publicitaire-724x1024.png\" alt=\"\" class=\"wp-image-779\" srcset=\"https:\/\/sergiovallejo.net\/wp-content\/uploads\/2022\/04\/La-Caricature-panneau-publicitaire-724x1024.png 724w, https:\/\/sergiovallejo.net\/wp-content\/uploads\/2022\/04\/La-Caricature-panneau-publicitaire-212x300.png 212w, https:\/\/sergiovallejo.net\/wp-content\/uploads\/2022\/04\/La-Caricature-panneau-publicitaire-768x1086.png 768w, https:\/\/sergiovallejo.net\/wp-content\/uploads\/2022\/04\/La-Caricature-panneau-publicitaire.png 794w\" sizes=\"(max-width: 724px) 100vw, 724px\" \/><\/a><\/figure><\/div>\n","protected":false},"excerpt":{"rendered":"<p>Caricature et dessin humoristique pour animer des : s\u00e9minaires, colloques, mariages, anniversaires, soir\u00e9es d&rsquo;entreprise ou autres \u00e9v\u00e9nements. Caricature d&rsquo;apr\u00e8s photos \/ caricature pour offrir \/ dessin humoristique \/ affiche humoristique. Je vous invite \u00e0 visiter ma page web consacr\u00e9e \u00e0 la caricature : https:\/\/www.la-caricature.com<\/p>\n","protected":false},"author":1,"featured_media":0,"parent":0,"menu_order":3,"comment_status":"closed","ping_status":"closed","template":"","meta":{"site-sidebar-layout":"default","site-content-layout":"","ast-site-content-layout":"","site-content-style":"default","site-sidebar-style":"default","ast-global-header-display":"","ast-banner-title-visibility":"","ast-main-header-display":"","ast-hfb-above-header-display":"","ast-hfb-below-header-display":"","ast-hfb-mobile-header-display":"","site-post-title":"","ast-breadcrumbs-content":"","ast-featured-img":"","footer-sml-layout":"","theme-transparent-header-meta":"","adv-header-id-meta":"","stick-header-meta":"","header-above-stick-meta":"","header-main-stick-meta":"","header-below-stick-meta":"","astra-migrate-meta-layouts":"","footnotes":""},"_links":{"self":[{"href":"https:\/\/sergiovallejo.net\/index.php\/wp-json\/wp\/v2\/pages\/778"}],"collection":[{"href":"https:\/\/sergiovallejo.net\/index.php\/wp-json\/wp\/v2\/pages"}],"about":[{"href":"https:\/\/sergiovallejo.net\/index.php\/wp-json\/wp\/v2\/types\/page"}],"author":[{"embeddable":true,"href":"https:\/\/sergiovallejo.net\/index.php\/wp-json\/wp\/v2\/users\/1"}],"replies":[{"embeddable":true,"href":"https:\/\/sergiovallejo.net\/index.php\/wp-json\/wp\/v2\/comments?post=778"}],"version-history":[{"count":2,"href":"https:\/\/sergiovallejo.net\/index.php\/wp-json\/wp\/v2\/pages\/778\/revisions"}],"predecessor-version":[{"id":782,"href":"https:\/\/sergiovallejo.net\/index.php\/wp-json\/wp\/v2\/pages\/778\/revisions\/782"}],"wp:attachment":[{"href":"https:\/\/sergiovallejo.net\/index.php\/wp-json\/wp\/v2\/media?parent=778"}],"curies":[{"name":"wp","href":"https:\/\/api.w.org\/{rel}","templated":true}]}}